{"id":1491,"date":"2021-01-02T11:36:37","date_gmt":"2021-01-02T11:36:37","guid":{"rendered":"https:\/\/agenda-digital.de\/privacy-policy"},"modified":"2024-02-13T10:20:37","modified_gmt":"2024-02-13T10:20:37","slug":"privacy-policy","status":"publish","type":"page","link":"https:\/\/data-storyteller.de\/en\/privacy-policy","title":{"rendered":"Privacy policy"},"content":{"rendered":"<p>[et_pb_section fb_built=&#8221;1&#8243; _builder_version=&#8221;4.24.0&#8243; background_color=&#8221;#f9f9f9&#8243; global_colors_info=&#8221;{}&#8221;][et_pb_row _builder_version=&#8221;4.16&#8243; background_size=&#8221;initial&#8221; background_position=&#8221;top_left&#8221; background_repeat=&#8221;repeat&#8221; global_colors_info=&#8221;{}&#8221;][et_pb_column type=&#8221;4_4&#8243; _builder_version=&#8221;4.16&#8243; custom_padding=&#8221;|||&#8221; global_colors_info=&#8221;{}&#8221; custom_padding__hover=&#8221;|||&#8221;][et_pb_text _builder_version=&#8221;4.24.0&#8243; background_size=&#8221;initial&#8221; background_position=&#8221;top_left&#8221; background_repeat=&#8221;repeat&#8221; hover_enabled=&#8221;0&#8243; global_colors_info=&#8221;{}&#8221; custom_padding=&#8221;||0px|||&#8221; sticky_enabled=&#8221;0&#8243;]<\/p>\n<h1><span style=\"color: #279395;\">Data protection information for www.data-storyteller.de<br \/><\/span><\/h1>\n<p>We take the protection of personal data very seriously and comply with the applicable data protection regulations. We therefore take great care and apply modern security standards to ensure a high level of protection for your personal data. Personal data is all data that relates to you personally and with which you can be identified (e.g. name, e-mail address, IP address). With this privacy policy, we inform you about the processing of personal data when you visit our website <a href=\"https:\/\/data-storyteller.de\/en\">www.data-storyteller.de<\/a>.   <\/p>\n<p>We have taken technical and organizational measures to ensure that the regulations on data protection are observed both by us and by our external service providers<\/p>\n<h3>Name and contact details of the data protection officer<\/h3>\n<p>Dr. Hans-Wilhelm Eckert<br \/>Orffstrasse 8<br \/>80634 Munich<br \/>Phone +49 89 12267 542<br \/><a href=\"mailto:info@data-storyteller.de\">info@data-storyteller.de<\/a><\/p>\n<p>&nbsp;<\/p>\n<h3>Collection of personal data when visiting our website<\/h3>\n<p>This website is accessed using transport encryption (SSL \/ TLS).<\/p>\n<p>Each time you visit our website, data and information is automatically collected by your device&#8217;s system and stored in server log files. This data is information that relates to website visitors (identified or identifiable natural and legal persons). This data is automatically transmitted by your browser when you visit our website. This includes the following information:   <\/p>\n<ul>\n<li>IP address of the accessing computer<\/li>\n<li>Directory protection user<\/li>\n<li>Date<\/li>\n<li>Time<\/li>\n<li>Pages accessed<\/li>\n<li>Protocols<\/li>\n<li>Status code<\/li>\n<li>Amount of data<\/li>\n<li>Referrer<\/li>\n<li>User Agent<\/li>\n<li>Host name accessed<\/li>\n<\/ul>\n<p>The purpose of this processing is to make our website accessible from your device and to enable our website to be displayed correctly on your device or browser. in your browser. We also use the data to optimize our website and to ensure the security of our systems.  <\/p>\n<p>Our web server is the recipient of the data. This company works for us within the framework of a contract data agreement; the data is stored in Germany. <\/p>\n<p>Address: 1&amp;1 IONOS SE, Eigendorfer Strasse 57, 5410 Montabaur<\/p>\n<p>You can find information on data protection here: <a href=\"https:\/\/www.ionos.de\/terms-gtc\/terms-privacy\">https:\/\/www.ionos.de\/terms-gtc\/terms-privacy<\/a><\/p>\n<p>The processing is based on Article 6 (1) lit. f GDPR Legal basis. We have a legitimate interest in displaying a website optimized for your browser and enabling communication between our server and your device.  <\/p>\n<p>A cookie banner is displayed when you visit our website. This stores the consents you have given or refused. We have concluded an order processing contract with Borlabs to store your decision regarding cookies.  <\/p>\n<p>Information about Borlabs and their privacy policy:<\/p>\n<p>Address: Borlabs &#8211; Benjamin A. Bornschein, R\u00fcbenkamp 32, 22305 Hamburg<\/p>\n<p>You can find information on data protection here: <a href=\"https:\/\/de.borlabs.io\/datenschutz\">https:\/\/de.borlabs.io\/datenschutz<\/a><\/p>\n<p>The legal basis for processing is Article 6(1)(c) GDPR.<\/p>\n<p>&nbsp;<\/p>\n<h3>Collection of personal data via one of the contact forms on our website<\/h3>\n<p>You also have the option of contacting us via a contact form (there are several on our website).<\/p>\n<p>The following fields are mandatory:<\/p>\n<p>First name, surname, e-mail, and the message you wish to send us.<\/p>\n<p>We use this information to respond to your request. We delete the data arising in this context after storage is no longer required or processing is restricted if there are statutory retention obligations. <\/p>\n<p>&nbsp;<\/p>\n<h3>Use of cookies<\/h3>\n<p>Our website only uses a few cookies. Cookies are small text files that are stored on your device and through which certain information flows to the site that sets the cookie. They serve to make the website more user-friendly and effective overall. You can either accept all cookies, click on &#8220;Save&#8221; and thus only allow the absolutely necessary cookies to be set or decide which cookies you want to allow by clicking on &#8220;Individual data protection settings&#8221;.   <\/p>\n<p>&nbsp;<\/p>\n<h3>Evaluation of user behavior<\/h3>\n<p>We use Matomo on our website to analyze visitor interactions. We have installed Matomo as an on-premise version on our web server. This means that the various analyses are carried out within the web server at our provider and the data collected is not shared with third parties.  <\/p>\n<p>Information on data protection can be found here:<br \/><a href=\"https:\/\/matomo.org\/privacy-policy\/\">https:\/\/matomo.org\/privacy-policy\/<br \/><\/a><a href=\"https:\/\/matomo.org\/gdpr-analytics\/\"><\/a><a href=\"https:\/\/matomo.org\/gdpr-analytics\/\">https:\/\/matomo.org\/gdpr-analytics\/<\/a><\/p>\n<p>&nbsp;<\/p>\n<h3>Social Sharing Buttons<\/h3>\n<p>We have integrated the following social sharing buttons on our website: Twitter, Facebook and LinkedIn<\/p>\n<p>However, the corresponding icons on our websites do not automatically establish a connection with the social networks. Ein Verbindungsaufbau findet erst statt, wenn Sie auf das Icon klicken. <\/p>\n<p>Durch das Klicken auf das Icon werden Sie auf Ihr Social Media Profil weitergeleitet (sofern Sie eingeloggt sind) und Sie k\u00f6nnen da den gew\u00fcnschten Beitrag auf Ihrem Account ver\u00f6ffentlichen.<\/p>\n<p>As a result, personal data may be transmitted to the provider of the respective social network. This may also include log file data and, where applicable, other data. The data collected in this way is also transmitted to servers in a third country and thus processed outside the EU. Please note that the ECJ considers the USA to be a country &#8211; according to EU standards &#8211; with an inadequate level of data protection. In particular, there is a risk that your data may be processed by US authorities &#8211; for monitoring or control purposes &#8211; even without the possibility of legal recourse.    <\/p>\n<h3>Newsletter<\/h3>\n<p>We send a newsletter to customers and interested parties as part of the contractual relationship. The legal basis is GDPR Article 6(1)(b). <\/p>\n<p>We use CleverReach to send the newsletter.<\/p>\n<p>Anschrift: CleverReach GmbH &amp; Co. KG, CRASH Building, Schafj\u00fcckenweg 2, 26180 Rastede<\/p>\n<p>We have concluded a corresponding data processing agreement with CleverReach (Article 28 GDPR). The personal data is stored on servers in the EU. CleverReach offers the following information on data protection and data security:  <\/p>\n<p><a href=\"https:\/\/www.cleverreach.com\/de\/datenschutz\/\">https:\/\/www.cleverreach.com\/de\/datenschutz\/<\/a><br \/><a href=\"https:\/\/www.cleverreach.com\/de\/datensicherheit\/\">https:\/\/www.cleverreach.com\/de\/datensicherheit\/<\/a><\/p>\n<p>You have the option to object to receiving the newsletter at any time.<\/p>\n<p>&nbsp;<\/p>\n<h3>Data subjects rights<\/h3>\n<p>You have the right:<\/p>\n<ul>\n<li>to request information about your personal data processed by us in accordance with Art. 15 GDPR. In particular, you can obtain information about the processing purposes, the category of personal data, the categories of recipients to whom your data has been or will be disclosed, the planned storage period, the existence of a right to rectification, erasure, restriction of processing or objection, the existence of a right to lodge a complaint; <\/li>\n<li>in accordance with Art. 16 GDPR, to immediately request the correction of incorrect or incomplete personal data stored by us;<\/li>\n<li>in accordance with Art. 17 GDPR, to demand the deletion of your personal data stored by us, unless the processing is necessary to exercise the right to freedom of expression and information, to fulfill a legal obligation, for reasons of public interest or to assert, exercise or defend legal claims;<\/li>\n<li>in accordance with Art. 18 GDPR, to demand the restriction of the processing of your personal data if the accuracy of the data is disputed by you, the processing is unlawful but you refuse to delete it and we no longer need the data, but you need it to assert, exercise or defend legal claims or you have lodged an objection to the processing in accordance with Art. 21 GDPR;<\/li>\n<li>in accordance with Art. 20 GDPR, to receive your personal data that you have provided to us in a structured, commonly used and machine-readable format or to request that it be transmitted to another controller<\/li>\n<li>pursuant to Art. 7 para. 3 GDPR to revoke your consent once given to us at any time. As a result, we may no longer continue the data processing that was based on this consent in the future.  <\/li>\n<\/ul>\n<p>For inquiries regarding these rights, please contact <a href=\"mailto:info@data-storyteller.de\">info@data-storyteller.de<\/a>.<\/p>\n<p>&nbsp;<\/p>\n<h3>Right of objection<\/h3>\n<p>If your personal data is processed on the basis of legitimate interests pursuant to Art. 6 para. 1 p. 1 lit. f GDPR, you have the right to object to the processing of your personal data pursuant to Art. 21 GDPR on grounds relating to your particular situation or if the objection is directed against direct marketing. In the latter case, you have a general right to object, which will be implemented by us without specifying a particular situation.   <\/p>\n<p>If you wish to exercise your right of revocation or objection, simply send an e-mail to <a href=\"mailto:info@data-storyteller.de\">info@data-storyteller.de<\/a><\/p>\n<p>Right of objection<\/p>\n<p>Furthermore, there is a right of appeal to the Bavarian State Commissioner for Data Protection. You can reach him under the following contact details: <\/p>\n<p>Postal address: P.O. Box 22 12 19, 80502 Munich<br \/>Address: Wagm\u00fcllerstra\u00dfe 18, 80538 Munich<br \/>Phone: +49 89 212672-0<br \/>Fax: +49 89 212672-50<br \/><a href=\"mailto:poststelle@datenschutz-bayern.de\">poststelle@datenschutz-bayern.de<br \/><\/a><a href=\"https:\/\/www.datenschutz-bayern.de\/\">https:\/\/www.datenschutz-bayern.de\/<\/a><\/p>\n<p>&nbsp;<\/p>\n<h3>Data security<\/h3>\n<p>We use appropriate technical and organizational security measures to protect your data against accidental or intentional manipulation, partial or complete loss, destruction or against unauthorized access by third parties. Our security measures are continuously improved in line with technological developments. <\/p>\n<p>&nbsp;<\/p>\n<h3>Updating and amendment of this data protection information<\/h3>\n<p>This data protection information is currently valid and is dated January 21, 2024.<\/p>\n<p>It may become necessary to amend this data protection information as a result of the further development of our website and services or due to changes in legal or official requirements.<\/p>\n<p>[\/et_pb_text][\/et_pb_column][\/et_pb_row][\/et_pb_section]<\/p>\n","protected":false},"excerpt":{"rendered":"<p>Data protection information for www.data-storyteller.de We take the protection of personal data very seriously and comply with the applicable data protection regulations. We therefore take great care and apply modern security standards to ensure a high level of protection for your personal data. Personal data is all data that relates to you personally and with [&hellip;]<\/p>\n","protected":false},"author":1,"featured_media":0,"parent":0,"menu_order":0,"comment_status":"closed","ping_status":"closed","template":"","meta":{"_et_pb_use_builder":"on","_et_pb_old_content":"","_et_gb_content_width":"","footnotes":""},"class_list":["post-1491","page","type-page","status-publish","hentry"],"yoast_head":"<!-- This site is optimized with the Yoast SEO plugin v27.1.1 - https:\/\/yoast.com\/product\/yoast-seo-wordpress\/ -->\n<title>Privacy policy - Storytelling mit Daten<\/title>\n<meta name=\"robots\" content=\"index, follow, max-snippet:-1, max-image-preview:large, max-video-preview:-1\" \/>\n<link rel=\"canonical\" href=\"https:\/\/data-storyteller.de\/en\/privacy-policy\" \/>\n<meta property=\"og:locale\" content=\"en_US\" \/>\n<meta property=\"og:type\" content=\"article\" \/>\n<meta property=\"og:title\" content=\"Privacy policy - Storytelling mit Daten\" \/>\n<meta property=\"og:description\" content=\"Data protection information for www.data-storyteller.de We take the protection of personal data very seriously and comply with the applicable data protection regulations. We therefore take great care and apply modern security standards to ensure a high level of protection for your personal data. Personal data is all data that relates to you personally and with [&hellip;]\" \/>\n<meta property=\"og:url\" content=\"https:\/\/data-storyteller.de\/en\/privacy-policy\" \/>\n<meta property=\"og:site_name\" content=\"Storytelling mit Daten\" \/>\n<meta property=\"article:modified_time\" content=\"2024-02-13T10:20:37+00:00\" \/>\n<meta name=\"twitter:card\" content=\"summary_large_image\" \/>\n<meta name=\"twitter:label1\" content=\"Est. reading time\" \/>\n\t<meta name=\"twitter:data1\" content=\"8 minutes\" \/>\n<script type=\"application\/ld+json\" class=\"yoast-schema-graph\">{\"@context\":\"https:\/\/schema.org\",\"@graph\":[{\"@type\":\"WebPage\",\"@id\":\"https:\/\/data-storyteller.de\/en\/privacy-policy\",\"url\":\"https:\/\/data-storyteller.de\/en\/privacy-policy\",\"name\":\"Privacy policy - Storytelling mit Daten\",\"isPartOf\":{\"@id\":\"https:\/\/data-storyteller.de\/en#website\"},\"datePublished\":\"2021-01-02T11:36:37+00:00\",\"dateModified\":\"2024-02-13T10:20:37+00:00\",\"breadcrumb\":{\"@id\":\"https:\/\/data-storyteller.de\/en\/privacy-policy#breadcrumb\"},\"inLanguage\":\"en-US\",\"potentialAction\":[{\"@type\":\"ReadAction\",\"target\":[\"https:\/\/data-storyteller.de\/en\/privacy-policy\"]}]},{\"@type\":\"BreadcrumbList\",\"@id\":\"https:\/\/data-storyteller.de\/en\/privacy-policy#breadcrumb\",\"itemListElement\":[{\"@type\":\"ListItem\",\"position\":1,\"name\":\"Startseite\",\"item\":\"https:\/\/data-storyteller.de\/en\/start\"},{\"@type\":\"ListItem\",\"position\":2,\"name\":\"Privacy policy\"}]},{\"@type\":\"WebSite\",\"@id\":\"https:\/\/data-storyteller.de\/en#website\",\"url\":\"https:\/\/data-storyteller.de\/en\",\"name\":\"Data Storyteller\",\"description\":\"Erst wenn wir Daten zum Sprechen bringen, entfalten sie ihre Wirkung\",\"publisher\":{\"@id\":\"https:\/\/data-storyteller.de\/en#organization\"},\"potentialAction\":[{\"@type\":\"SearchAction\",\"target\":{\"@type\":\"EntryPoint\",\"urlTemplate\":\"https:\/\/data-storyteller.de\/en?s={search_term_string}\"},\"query-input\":{\"@type\":\"PropertyValueSpecification\",\"valueRequired\":true,\"valueName\":\"search_term_string\"}}],\"inLanguage\":\"en-US\"},{\"@type\":\"Organization\",\"@id\":\"https:\/\/data-storyteller.de\/en#organization\",\"name\":\"Data Storyteller\",\"url\":\"https:\/\/data-storyteller.de\/en\",\"logo\":{\"@type\":\"ImageObject\",\"inLanguage\":\"en-US\",\"@id\":\"https:\/\/data-storyteller.de\/en#\/schema\/logo\/image\/\",\"url\":\"https:\/\/data-storyteller.de\/wp-content\/uploads\/2024\/01\/cropped-data_storyteller_website_icon.png\",\"contentUrl\":\"https:\/\/data-storyteller.de\/wp-content\/uploads\/2024\/01\/cropped-data_storyteller_website_icon.png\",\"width\":512,\"height\":512,\"caption\":\"Data Storyteller\"},\"image\":{\"@id\":\"https:\/\/data-storyteller.de\/en#\/schema\/logo\/image\/\"},\"sameAs\":[\"https:\/\/www.linkedin.com\/in\/hans-wilhelm-eckert\/\"]}]}<\/script>\n<!-- \/ Yoast SEO plugin. -->","yoast_head_json":{"title":"Privacy policy - Storytelling mit Daten","robots":{"index":"index","follow":"follow","max-snippet":"max-snippet:-1","max-image-preview":"max-image-preview:large","max-video-preview":"max-video-preview:-1"},"canonical":"https:\/\/data-storyteller.de\/en\/privacy-policy","og_locale":"en_US","og_type":"article","og_title":"Privacy policy - Storytelling mit Daten","og_description":"Data protection information for www.data-storyteller.de We take the protection of personal data very seriously and comply with the applicable data protection regulations. We therefore take great care and apply modern security standards to ensure a high level of protection for your personal data. Personal data is all data that relates to you personally and with [&hellip;]","og_url":"https:\/\/data-storyteller.de\/en\/privacy-policy","og_site_name":"Storytelling mit Daten","article_modified_time":"2024-02-13T10:20:37+00:00","twitter_card":"summary_large_image","twitter_misc":{"Est. reading time":"8 minutes"},"schema":{"@context":"https:\/\/schema.org","@graph":[{"@type":"WebPage","@id":"https:\/\/data-storyteller.de\/en\/privacy-policy","url":"https:\/\/data-storyteller.de\/en\/privacy-policy","name":"Privacy policy - Storytelling mit Daten","isPartOf":{"@id":"https:\/\/data-storyteller.de\/en#website"},"datePublished":"2021-01-02T11:36:37+00:00","dateModified":"2024-02-13T10:20:37+00:00","breadcrumb":{"@id":"https:\/\/data-storyteller.de\/en\/privacy-policy#breadcrumb"},"inLanguage":"en-US","potentialAction":[{"@type":"ReadAction","target":["https:\/\/data-storyteller.de\/en\/privacy-policy"]}]},{"@type":"BreadcrumbList","@id":"https:\/\/data-storyteller.de\/en\/privacy-policy#breadcrumb","itemListElement":[{"@type":"ListItem","position":1,"name":"Startseite","item":"https:\/\/data-storyteller.de\/en\/start"},{"@type":"ListItem","position":2,"name":"Privacy policy"}]},{"@type":"WebSite","@id":"https:\/\/data-storyteller.de\/en#website","url":"https:\/\/data-storyteller.de\/en","name":"Data Storyteller","description":"Erst wenn wir Daten zum Sprechen bringen, entfalten sie ihre Wirkung","publisher":{"@id":"https:\/\/data-storyteller.de\/en#organization"},"potentialAction":[{"@type":"SearchAction","target":{"@type":"EntryPoint","urlTemplate":"https:\/\/data-storyteller.de\/en?s={search_term_string}"},"query-input":{"@type":"PropertyValueSpecification","valueRequired":true,"valueName":"search_term_string"}}],"inLanguage":"en-US"},{"@type":"Organization","@id":"https:\/\/data-storyteller.de\/en#organization","name":"Data Storyteller","url":"https:\/\/data-storyteller.de\/en","logo":{"@type":"ImageObject","inLanguage":"en-US","@id":"https:\/\/data-storyteller.de\/en#\/schema\/logo\/image\/","url":"https:\/\/data-storyteller.de\/wp-content\/uploads\/2024\/01\/cropped-data_storyteller_website_icon.png","contentUrl":"https:\/\/data-storyteller.de\/wp-content\/uploads\/2024\/01\/cropped-data_storyteller_website_icon.png","width":512,"height":512,"caption":"Data Storyteller"},"image":{"@id":"https:\/\/data-storyteller.de\/en#\/schema\/logo\/image\/"},"sameAs":["https:\/\/www.linkedin.com\/in\/hans-wilhelm-eckert\/"]}]}},"_links":{"self":[{"href":"https:\/\/data-storyteller.de\/en\/wp-json\/wp\/v2\/pages\/1491","targetHints":{"allow":["GET"]}}],"collection":[{"href":"https:\/\/data-storyteller.de\/en\/wp-json\/wp\/v2\/pages"}],"about":[{"href":"https:\/\/data-storyteller.de\/en\/wp-json\/wp\/v2\/types\/page"}],"author":[{"embeddable":true,"href":"https:\/\/data-storyteller.de\/en\/wp-json\/wp\/v2\/users\/1"}],"replies":[{"embeddable":true,"href":"https:\/\/data-storyteller.de\/en\/wp-json\/wp\/v2\/comments?post=1491"}],"version-history":[{"count":0,"href":"https:\/\/data-storyteller.de\/en\/wp-json\/wp\/v2\/pages\/1491\/revisions"}],"wp:attachment":[{"href":"https:\/\/data-storyteller.de\/en\/wp-json\/wp\/v2\/media?parent=1491"}],"curies":[{"name":"wp","href":"https:\/\/api.w.org\/{rel}","templated":true}]}}