{"id":2443,"date":"2024-08-30T08:22:56","date_gmt":"2024-08-30T08:22:56","guid":{"rendered":"https:\/\/data-storyteller.de\/successfully-implementing-data-storytelling"},"modified":"2025-03-18T13:12:15","modified_gmt":"2025-03-18T13:12:15","slug":"successfully-implementing-data-storytelling","status":"publish","type":"page","link":"https:\/\/data-storyteller.de\/en\/successfully-implementing-data-storytelling","title":{"rendered":"Successfully implementing data storytelling"},"content":{"rendered":"<p>[et_pb_section fb_built=&#8221;1&#8243; _builder_version=&#8221;4.24.0&#8243; _module_preset=&#8221;default&#8221; background_color=&#8221;#f9f9f9&#8243; border_width_top=&#8221;8px&#8221; border_color_top=&#8221;#ffffff&#8221; global_colors_info=&#8221;{}&#8221;][et_pb_row _builder_version=&#8221;4.24.0&#8243; _module_preset=&#8221;default&#8221; custom_padding=&#8221;9px||2px|||&#8221; global_colors_info=&#8221;{}&#8221;][et_pb_column type=&#8221;4_4&#8243; _builder_version=&#8221;4.24.0&#8243; _module_preset=&#8221;default&#8221; global_colors_info=&#8221;{}&#8221;][et_pb_text module_id=&#8221;workshop2&#8243; _builder_version=&#8221;4.27.0&#8243; _module_preset=&#8221;default&#8221; global_colors_info=&#8221;{}&#8221;]<\/p>\n<h1>Successfully implementing data storytelling<\/h1>\n<p>[\/et_pb_text][\/et_pb_column][\/et_pb_row][et_pb_row column_structure=&#8221;1_3,1_3,1_3&#8243; _builder_version=&#8221;4.27.0&#8243; _module_preset=&#8221;default&#8221; global_colors_info=&#8221;{}&#8221;][et_pb_column type=&#8221;1_3&#8243; _builder_version=&#8221;4.24.0&#8243; _module_preset=&#8221;default&#8221; global_colors_info=&#8221;{}&#8221;][et_pb_text _builder_version=&#8221;4.27.0&#8243; _module_preset=&#8221;default&#8221; background_color=&#8221;#468A3F&#8221; global_colors_info=&#8221;{}&#8221;]<\/p>\n<p style=\"text-align: center;\"><strong><span style=\"color: #ffffff;\">Inhouse Workshop<\/span><\/strong><\/p>\n<p>[\/et_pb_text][\/et_pb_column][et_pb_column type=&#8221;1_3&#8243; _builder_version=&#8221;4.24.0&#8243; _module_preset=&#8221;default&#8221; global_colors_info=&#8221;{}&#8221;][et_pb_text _builder_version=&#8221;4.27.0&#8243; _module_preset=&#8221;default&#8221; background_color=&#8221;#83B14E&#8221; global_colors_info=&#8221;{}&#8221;]<\/p>\n<p style=\"text-align: center;\"><strong><span style=\"color: #ffffff;\">On-site and online<\/span><\/strong><\/p>\n<p>[\/et_pb_text][\/et_pb_column][et_pb_column type=&#8221;1_3&#8243; _builder_version=&#8221;4.24.0&#8243; _module_preset=&#8221;default&#8221; global_colors_info=&#8221;{}&#8221;][et_pb_text _builder_version=&#8221;4.27.0&#8243; _module_preset=&#8221;default&#8221; background_color=&#8221;#295BA0&#8243; global_colors_info=&#8221;{}&#8221;]<\/p>\n<p style=\"text-align: center;\"><strong><span style=\"color: #ffffff;\">6 Month<br \/>\n<\/span><\/strong><\/p>\n<p>[\/et_pb_text][\/et_pb_column][\/et_pb_row][et_pb_row column_structure=&#8221;1_2,1_2&#8243; make_equal=&#8221;on&#8221; _builder_version=&#8221;4.24.2&#8243; _module_preset=&#8221;default&#8221; background_color=&#8221;RGBA(255,255,255,0)&#8221; custom_padding=&#8221;6px||9px|||&#8221; global_colors_info=&#8221;{}&#8221;][et_pb_column type=&#8221;1_2&#8243; _builder_version=&#8221;4.24.0&#8243; _module_preset=&#8221;default&#8221; global_colors_info=&#8221;{}&#8221;][et_pb_text _builder_version=&#8221;4.27.0&#8243; _module_preset=&#8221;default&#8221; global_colors_info=&#8221;{}&#8221;]<\/p>\n<h2>How to unlock the full potential of your data in 6 steps<\/h2>\n<p>[\/et_pb_text][et_pb_image src=&#8221;https:\/\/data-storyteller.de\/wp-content\/uploads\/2024\/12\/Walking_Man.png&#8221; _builder_version=&#8221;4.27.4&#8243; _module_preset=&#8221;default&#8221; alt=&#8221;6 steps in 6 month&#8221; title_text=&#8221;Walking_Man&#8221; hover_enabled=&#8221;0&#8243; sticky_enabled=&#8221;0&#8243;][\/et_pb_image][et_pb_text _builder_version=&#8221;4.27.4&#8243; _module_preset=&#8221;default&#8221; custom_margin=&#8221;||19px|||&#8221; hover_enabled=&#8221;0&#8243; global_colors_info=&#8221;{}&#8221; sticky_enabled=&#8221;0&#8243;]<\/p>\n<p>Data has become the basis for companies to make business decisions. But it is no longer enough to simply present figures. Successful leaders are able to turn data insights into compelling stories that not only inform, but also motivate action.  <\/p>\n<p>This is where data storytelling comes in: It gives data a voice and helps to communicate insights in a clear and understandable way. Storytelling is a translation service. For B2B companies, this ability is essential to effectively communicate complex insights and to initiate and sustain strategic decisions within the organisation. Those who master this method not only gain deep insights into business matters, but also the ability to communicate these insights effectively.   <\/p>\n<p>Successful data storytelling is teamwork: Analysis, visualisation and communication must go hand in hand. It works when everyone involved has the goal in mind and understands their role. Choosing the right use cases, targeting the right audiences and having a coherent communication strategy are crucial.  <\/p>\n<p>[\/et_pb_text][et_pb_image src=&#8221;https:\/\/data-storyteller.de\/wp-content\/uploads\/2024\/09\/Data_Storytelling_6_Steps_in_6_Month.png&#8221; alt=&#8221;Data storytelling: 6 steps in 6 months&#8221; title_text=&#8221;Data storytelling: 6 steps in 6 months&#8221; _builder_version=&#8221;4.27.0&#8243; _module_preset=&#8221;default&#8221; global_colors_info=&#8221;{}&#8221;][\/et_pb_image][et_pb_text _builder_version=&#8221;4.27.0&#8243; _module_preset=&#8221;default&#8221; custom_margin=&#8221;||19px|||&#8221; global_colors_info=&#8221;{}&#8221;]<\/p>\n<p>Dazu haben Marketing ROI Experte <a href=\"https:\/\/www.marketing-roi.eu\/\" target=\"_blank\" rel=\"noopener\">Lutz Klaus<\/a> und Data-Storyteller Hans-Wilhelm Eckert einem modularen Umsetzungsplan entwickelt. Unser Ansatz zeigt Ihnen in sechs Schritten, wie Sie das volle Potenzial Ihrer Daten entfalten k\u00f6nnen. Gemeinsam entwickeln wir auf der Basis konkreter Anwendungsf\u00e4lle \u00fcberzeugende Datengeschichten, die Ihre Zielgruppen erreichen und Ihre Botschaften klar und \u00fcberzeugend vermitteln. Entdecken Sie die M\u00f6glichkeiten des Data-Storytelling und setzen Sie datenbasierte Entscheidungen erfolgreich um.   <\/p>\n<p>[\/et_pb_text][\/et_pb_column][et_pb_column type=&#8221;1_2&#8243; module_class=&#8221;content-vertical-align-center&#8221; _builder_version=&#8221;4.24.0&#8243; _module_preset=&#8221;default&#8221; global_colors_info=&#8221;{}&#8221;][et_pb_text _builder_version=&#8221;4.27.0&#8243; _module_preset=&#8221;default&#8221; global_colors_info=&#8221;{}&#8221;]<\/p>\n<h2>Your consultants<\/h2>\n<p>[\/et_pb_text][et_pb_team_member name=&#8221;Dr. Hans-Wilhelm Eckert&#8221; position=&#8221;Data Storyteller&#8221; image_url=&#8221;https:\/\/data-storyteller.de\/wp-content\/uploads\/2024\/01\/ECKERT_Hans-Wilhelm_Set_2_Avatar.jpg&#8221; linkedin_url=&#8221;https:\/\/www.linkedin.com\/in\/hans-wilhelm-eckert\/&#8221; _builder_version=&#8221;4.27.0&#8243; _module_preset=&#8221;default&#8221; global_colors_info=&#8221;{}&#8221;]<\/p>\n<p>Hans-Wilhelm Eckert develops stories for complex products and services. And realises them. He helps companies with their communication needs, from the initial analysis to the idea to the concrete result. In doing so, he combines the different perspectives of a consultant, journalist and manager: the historian began his career in journalism, switched to the agency side as a consultant and was subsequently responsible for communications at banks. In 2017, he founded the communications consultancy momentum communication with a focus on data and technology-driven topics.    <\/p>\n<p>[\/et_pb_team_member][et_pb_team_member name=&#8221;Lutz Klaus&#8221; position=&#8221;Marketing ROI Experts&#8221; image_url=&#8221;https:\/\/data-storyteller.de\/wp-content\/uploads\/2024\/08\/lutz-klaus_1-1-e1730281045191.png&#8221; linkedin_url=&#8221;https:\/\/www.linkedin.com\/in\/lutzklaus\/&#8221; _builder_version=&#8221;4.27.2&#8243; _module_preset=&#8221;default&#8221; global_colors_info=&#8221;{}&#8221;]<\/p>\n<p>Lutz Klaus is the founder and owner of Marketing ROI Experts. He has over 36 years of experience in B2B marketing and sales. From 1996 to 2016 he worked as an executive with international responsibility in the IT industry. For many years, he has focused on measurability in marketing and how to successfully convert activities into economic results. In his book &#8216;Data-Driven Marketing and the Human Success Factor&#8217;, he shows why people are central to success in the digital world and how companies can create the conditions for success in the future.    <\/p>\n<p>[\/et_pb_team_member][\/et_pb_column][\/et_pb_row][et_pb_row make_equal=&#8221;on&#8221; _builder_version=&#8221;4.27.0&#8243; _module_preset=&#8221;default&#8221; background_color=&#8221;RGBA(255,255,255,0)&#8221; custom_padding=&#8221;16px|||||&#8221; global_colors_info=&#8221;{}&#8221;][et_pb_column type=&#8221;4_4&#8243; _builder_version=&#8221;4.24.0&#8243; _module_preset=&#8221;default&#8221; global_colors_info=&#8221;{}&#8221;][et_pb_text _builder_version=&#8221;4.27.0&#8243; _module_preset=&#8221;default&#8221; custom_margin=&#8221;||19px|||&#8221; global_colors_info=&#8221;{}&#8221;]<\/p>\n<h2>Unlock the full potential of your data.<\/h2>\n<p>[\/et_pb_text][et_pb_button button_url=&#8221;@ET-DC@eyJkeW5hbWljIjp0cnVlLCJjb250ZW50IjoicG9zdF9saW5rX3VybF9wYWdlIiwic2V0dGluZ3MiOnsicG9zdF9pZCI6IjI0MjMiLCJlbmFibGVfaHRtbCI6Im9mZiJ9fQ==@&#8221; button_text=&#8221;get in touch&#8221; _builder_version=&#8221;4.27.0&#8243; _dynamic_attributes=&#8221;button_url&#8221; _module_preset=&#8221;default&#8221; global_colors_info=&#8221;{}&#8221;][\/et_pb_button][\/et_pb_column][\/et_pb_row][et_pb_row column_structure=&#8221;1_2,1_2&#8243; _builder_version=&#8221;4.27.0&#8243; _module_preset=&#8221;default&#8221; global_colors_info=&#8221;{}&#8221;][et_pb_column type=&#8221;1_2&#8243; _builder_version=&#8221;4.27.0&#8243; _module_preset=&#8221;default&#8221; global_colors_info=&#8221;{}&#8221;][et_pb_image src=&#8221;https:\/\/data-storyteller.de\/wp-content\/uploads\/2024\/02\/Cover_9783658208202.jpg&#8221; alt=&#8221;Data-Driven Marketing&#8221; title_text=&#8221;Data-Driven Marketing&#8221; url=&#8221;https:\/\/www.marketing-roi.eu\/buch\/&#8221; url_new_window=&#8221;on&#8221; _builder_version=&#8221;4.27.0&#8243; _module_preset=&#8221;default&#8221; global_colors_info=&#8221;{}&#8221;][\/et_pb_image][et_pb_text _builder_version=&#8221;4.27.0&#8243; _module_preset=&#8221;default&#8221; global_colors_info=&#8221;{}&#8221;]<\/p>\n<p><span class=\"s1\">How can data-driven marketing strategies improve a business in a sustainable way? What are the prerequisites for success in an increasingly digitalised world? Lutz Klaus&#8217; book will help anyone who wants to successfully shape their future working world on the digital level to make a successful start.   <\/span><\/p>\n<p>[\/et_pb_text][\/et_pb_column][et_pb_column type=&#8221;1_2&#8243; _builder_version=&#8221;4.27.0&#8243; _module_preset=&#8221;default&#8221; global_colors_info=&#8221;{}&#8221;][et_pb_image src=&#8221;https:\/\/data-storyteller.de\/wp-content\/uploads\/2024\/02\/CoverStorytellingwithData.jpg&#8221; alt=&#8221;Storytelling with data&#8221; title_text=&#8221;Storytelling_Bookcover&#8221; url=&#8221;@ET-DC@eyJkeW5hbWljIjp0cnVlLCJjb250ZW50IjoicG9zdF9saW5rX3VybF9wYWdlIiwic2V0dGluZ3MiOnsicG9zdF9pZCI6IjExIiwiZW5hYmxlX2h0bWwiOiJvZmYifX0=@&#8221; url_new_window=&#8221;on&#8221; _builder_version=&#8221;4.27.0&#8243; _dynamic_attributes=&#8221;url&#8221; _module_preset=&#8221;default&#8221; global_colors_info=&#8221;{}&#8221;][\/et_pb_image][et_pb_text _builder_version=&#8221;4.27.0&#8243; _module_preset=&#8221;default&#8221; global_colors_info=&#8221;{}&#8221;]<\/p>\n<p>What role does data play in communications and marketing, and how can it be used as a source of storytelling? In his book, Hans-Wilhelm Eckert shows how data can inspire business strategy. It provides new and sometimes surprising insights into relationships and offers the opportunity to develop stories that motivate action.  <\/p>\n<p>[\/et_pb_text][\/et_pb_column][\/et_pb_row][\/et_pb_section]<\/p>\n","protected":false},"excerpt":{"rendered":"<p>Successfully implementing data storytellingInhouse WorkshopOn-site and online6 Month How to unlock the full potential of your data in 6 stepsData has become the basis for companies to make business decisions. But it is no longer enough to simply present figures. Successful leaders are able to turn data insights into compelling stories that not only inform, [&hellip;]<\/p>\n","protected":false},"author":1,"featured_media":0,"parent":0,"menu_order":0,"comment_status":"closed","ping_status":"closed","template":"","meta":{"_et_pb_use_builder":"on","_et_pb_old_content":"","_et_gb_content_width":"","footnotes":""},"class_list":["post-2443","page","type-page","status-publish","hentry"],"yoast_head":"<!-- This site is optimized with the Yoast SEO plugin v27.1.1 - https:\/\/yoast.com\/product\/yoast-seo-wordpress\/ -->\n<title>Successfully implementing data storytelling - Storytelling mit Daten<\/title>\n<meta name=\"robots\" content=\"index, follow, max-snippet:-1, max-image-preview:large, max-video-preview:-1\" \/>\n<link rel=\"canonical\" href=\"https:\/\/data-storyteller.de\/en\/successfully-implementing-data-storytelling\" \/>\n<meta property=\"og:locale\" content=\"en_US\" \/>\n<meta property=\"og:type\" content=\"article\" \/>\n<meta property=\"og:title\" content=\"Successfully implementing data storytelling - Storytelling mit Daten\" \/>\n<meta property=\"og:description\" content=\"Successfully implementing data storytellingInhouse WorkshopOn-site and online6 Month How to unlock the full potential of your data in 6 stepsData has become the basis for companies to make business decisions. But it is no longer enough to simply present figures. Successful leaders are able to turn data insights into compelling stories that not only inform, [&hellip;]\" \/>\n<meta property=\"og:url\" content=\"https:\/\/data-storyteller.de\/en\/successfully-implementing-data-storytelling\" \/>\n<meta property=\"og:site_name\" content=\"Storytelling mit Daten\" \/>\n<meta property=\"article:modified_time\" content=\"2025-03-18T13:12:15+00:00\" \/>\n<meta name=\"twitter:card\" content=\"summary_large_image\" \/>\n<meta name=\"twitter:label1\" content=\"Est. reading time\" \/>\n\t<meta name=\"twitter:data1\" content=\"6 minutes\" \/>\n<script type=\"application\/ld+json\" class=\"yoast-schema-graph\">{\"@context\":\"https:\/\/schema.org\",\"@graph\":[{\"@type\":\"WebPage\",\"@id\":\"https:\/\/data-storyteller.de\/en\/successfully-implementing-data-storytelling\",\"url\":\"https:\/\/data-storyteller.de\/en\/successfully-implementing-data-storytelling\",\"name\":\"Successfully implementing data storytelling - Storytelling mit Daten\",\"isPartOf\":{\"@id\":\"https:\/\/data-storyteller.de\/en#website\"},\"datePublished\":\"2024-08-30T08:22:56+00:00\",\"dateModified\":\"2025-03-18T13:12:15+00:00\",\"breadcrumb\":{\"@id\":\"https:\/\/data-storyteller.de\/en\/successfully-implementing-data-storytelling#breadcrumb\"},\"inLanguage\":\"en-US\",\"potentialAction\":[{\"@type\":\"ReadAction\",\"target\":[\"https:\/\/data-storyteller.de\/en\/successfully-implementing-data-storytelling\"]}]},{\"@type\":\"BreadcrumbList\",\"@id\":\"https:\/\/data-storyteller.de\/en\/successfully-implementing-data-storytelling#breadcrumb\",\"itemListElement\":[{\"@type\":\"ListItem\",\"position\":1,\"name\":\"Startseite\",\"item\":\"https:\/\/data-storyteller.de\/en\/start\"},{\"@type\":\"ListItem\",\"position\":2,\"name\":\"Successfully implementing data storytelling\"}]},{\"@type\":\"WebSite\",\"@id\":\"https:\/\/data-storyteller.de\/en#website\",\"url\":\"https:\/\/data-storyteller.de\/en\",\"name\":\"Data Storyteller\",\"description\":\"Erst wenn wir Daten zum Sprechen bringen, entfalten sie ihre Wirkung\",\"publisher\":{\"@id\":\"https:\/\/data-storyteller.de\/en#organization\"},\"potentialAction\":[{\"@type\":\"SearchAction\",\"target\":{\"@type\":\"EntryPoint\",\"urlTemplate\":\"https:\/\/data-storyteller.de\/en?s={search_term_string}\"},\"query-input\":{\"@type\":\"PropertyValueSpecification\",\"valueRequired\":true,\"valueName\":\"search_term_string\"}}],\"inLanguage\":\"en-US\"},{\"@type\":\"Organization\",\"@id\":\"https:\/\/data-storyteller.de\/en#organization\",\"name\":\"Data Storyteller\",\"url\":\"https:\/\/data-storyteller.de\/en\",\"logo\":{\"@type\":\"ImageObject\",\"inLanguage\":\"en-US\",\"@id\":\"https:\/\/data-storyteller.de\/en#\/schema\/logo\/image\/\",\"url\":\"https:\/\/data-storyteller.de\/wp-content\/uploads\/2024\/01\/cropped-data_storyteller_website_icon.png\",\"contentUrl\":\"https:\/\/data-storyteller.de\/wp-content\/uploads\/2024\/01\/cropped-data_storyteller_website_icon.png\",\"width\":512,\"height\":512,\"caption\":\"Data Storyteller\"},\"image\":{\"@id\":\"https:\/\/data-storyteller.de\/en#\/schema\/logo\/image\/\"},\"sameAs\":[\"https:\/\/www.linkedin.com\/in\/hans-wilhelm-eckert\/\"]}]}<\/script>\n<!-- \/ Yoast SEO plugin. -->","yoast_head_json":{"title":"Successfully implementing data storytelling - Storytelling mit Daten","robots":{"index":"index","follow":"follow","max-snippet":"max-snippet:-1","max-image-preview":"max-image-preview:large","max-video-preview":"max-video-preview:-1"},"canonical":"https:\/\/data-storyteller.de\/en\/successfully-implementing-data-storytelling","og_locale":"en_US","og_type":"article","og_title":"Successfully implementing data storytelling - Storytelling mit Daten","og_description":"Successfully implementing data storytellingInhouse WorkshopOn-site and online6 Month How to unlock the full potential of your data in 6 stepsData has become the basis for companies to make business decisions. But it is no longer enough to simply present figures. Successful leaders are able to turn data insights into compelling stories that not only inform, [&hellip;]","og_url":"https:\/\/data-storyteller.de\/en\/successfully-implementing-data-storytelling","og_site_name":"Storytelling mit Daten","article_modified_time":"2025-03-18T13:12:15+00:00","twitter_card":"summary_large_image","twitter_misc":{"Est. reading time":"6 minutes"},"schema":{"@context":"https:\/\/schema.org","@graph":[{"@type":"WebPage","@id":"https:\/\/data-storyteller.de\/en\/successfully-implementing-data-storytelling","url":"https:\/\/data-storyteller.de\/en\/successfully-implementing-data-storytelling","name":"Successfully implementing data storytelling - Storytelling mit Daten","isPartOf":{"@id":"https:\/\/data-storyteller.de\/en#website"},"datePublished":"2024-08-30T08:22:56+00:00","dateModified":"2025-03-18T13:12:15+00:00","breadcrumb":{"@id":"https:\/\/data-storyteller.de\/en\/successfully-implementing-data-storytelling#breadcrumb"},"inLanguage":"en-US","potentialAction":[{"@type":"ReadAction","target":["https:\/\/data-storyteller.de\/en\/successfully-implementing-data-storytelling"]}]},{"@type":"BreadcrumbList","@id":"https:\/\/data-storyteller.de\/en\/successfully-implementing-data-storytelling#breadcrumb","itemListElement":[{"@type":"ListItem","position":1,"name":"Startseite","item":"https:\/\/data-storyteller.de\/en\/start"},{"@type":"ListItem","position":2,"name":"Successfully implementing data storytelling"}]},{"@type":"WebSite","@id":"https:\/\/data-storyteller.de\/en#website","url":"https:\/\/data-storyteller.de\/en","name":"Data Storyteller","description":"Erst wenn wir Daten zum Sprechen bringen, entfalten sie ihre Wirkung","publisher":{"@id":"https:\/\/data-storyteller.de\/en#organization"},"potentialAction":[{"@type":"SearchAction","target":{"@type":"EntryPoint","urlTemplate":"https:\/\/data-storyteller.de\/en?s={search_term_string}"},"query-input":{"@type":"PropertyValueSpecification","valueRequired":true,"valueName":"search_term_string"}}],"inLanguage":"en-US"},{"@type":"Organization","@id":"https:\/\/data-storyteller.de\/en#organization","name":"Data Storyteller","url":"https:\/\/data-storyteller.de\/en","logo":{"@type":"ImageObject","inLanguage":"en-US","@id":"https:\/\/data-storyteller.de\/en#\/schema\/logo\/image\/","url":"https:\/\/data-storyteller.de\/wp-content\/uploads\/2024\/01\/cropped-data_storyteller_website_icon.png","contentUrl":"https:\/\/data-storyteller.de\/wp-content\/uploads\/2024\/01\/cropped-data_storyteller_website_icon.png","width":512,"height":512,"caption":"Data Storyteller"},"image":{"@id":"https:\/\/data-storyteller.de\/en#\/schema\/logo\/image\/"},"sameAs":["https:\/\/www.linkedin.com\/in\/hans-wilhelm-eckert\/"]}]}},"_links":{"self":[{"href":"https:\/\/data-storyteller.de\/en\/wp-json\/wp\/v2\/pages\/2443","targetHints":{"allow":["GET"]}}],"collection":[{"href":"https:\/\/data-storyteller.de\/en\/wp-json\/wp\/v2\/pages"}],"about":[{"href":"https:\/\/data-storyteller.de\/en\/wp-json\/wp\/v2\/types\/page"}],"author":[{"embeddable":true,"href":"https:\/\/data-storyteller.de\/en\/wp-json\/wp\/v2\/users\/1"}],"replies":[{"embeddable":true,"href":"https:\/\/data-storyteller.de\/en\/wp-json\/wp\/v2\/comments?post=2443"}],"version-history":[{"count":21,"href":"https:\/\/data-storyteller.de\/en\/wp-json\/wp\/v2\/pages\/2443\/revisions"}],"predecessor-version":[{"id":2677,"href":"https:\/\/data-storyteller.de\/en\/wp-json\/wp\/v2\/pages\/2443\/revisions\/2677"}],"wp:attachment":[{"href":"https:\/\/data-storyteller.de\/en\/wp-json\/wp\/v2\/media?parent=2443"}],"curies":[{"name":"wp","href":"https:\/\/api.w.org\/{rel}","templated":true}]}}